{"id":175,"date":"2024-09-05T15:46:10","date_gmt":"2024-09-05T13:46:10","guid":{"rendered":"https:\/\/rhd-halal.fr\/?page_id=175"},"modified":"2024-09-17T15:00:48","modified_gmt":"2024-09-17T13:00:48","slug":"175-2","status":"publish","type":"page","link":"https:\/\/rhd-halal.fr\/index.php\/175-2\/","title":{"rendered":"FAQ"},"content":{"rendered":"<p>[et_pb_section fb_built=\u00a0\u00bb1&Prime; admin_label=\u00a0\u00bbHeader\u00a0\u00bb _builder_version=\u00a0\u00bb4.25.0&Prime; _module_preset=\u00a0\u00bbdefault\u00a0\u00bb use_background_color_gradient=\u00a0\u00bbon\u00a0\u00bb background_color_gradient_stops=\u00a0\u00bbrgba(0,0,0,0.7) 0%|rgba(0,0,0,0.7) 100%\u00a0\u00bb background_color_gradient_overlays_image=\u00a0\u00bbon\u00a0\u00bb background_image=\u00a0\u00bbhttp:\/\/rhd-halal.fr\/wp-content\/uploads\/2024\/09\/Design-sans-titre-5-2.jpg\u00a0\u00bb custom_padding=\u00a0\u00bb||54px|||\u00a0\u00bb collapsed=\u00a0\u00bbon\u00a0\u00bb global_colors_info=\u00a0\u00bb{}\u00a0\u00bb][et_pb_row _builder_version=\u00a0\u00bb4.24.2&Prime; _module_preset=\u00a0\u00bbdefault\u00a0\u00bb max_width=\u00a0\u00bb800px\u00a0\u00bb global_colors_info=\u00a0\u00bb{}\u00a0\u00bb][et_pb_column type=\u00a0\u00bb4_4&Prime; _builder_version=\u00a0\u00bb4.23.2&Prime; _module_preset=\u00a0\u00bbdefault\u00a0\u00bb global_colors_info=\u00a0\u00bb{}\u00a0\u00bb][et_pb_text _builder_version=\u00a0\u00bb4.23.2&Prime; _module_preset=\u00a0\u00bb44c86437-9918-43cf-85f9-bbf15338f19a\u00a0\u00bb header_text_color=\u00a0\u00bb#FFFFFF\u00a0\u00bb text_orientation=\u00a0\u00bbcenter\u00a0\u00bb custom_margin=\u00a0\u00bb||10px||false|false\u00a0\u00bb global_colors_info=\u00a0\u00bb{}\u00a0\u00bb]<\/p>\n<h1><\/h1>\n<h1><\/h1>\n<h1><\/h1>\n<h1><\/h1>\n<h1><\/h1>\n<h1><\/h1>\n<h1><\/h1>\n<h1><\/h1>\n<h1><\/h1>\n<h1>FAQ<\/h1>\n<p>&nbsp;<\/p>\n<p>&nbsp;<\/p>\n<p>&nbsp;<\/p>\n<p>[\/et_pb_text][\/et_pb_column][\/et_pb_row][\/et_pb_section][et_pb_section fb_built=\u00a0\u00bb1&Prime; _builder_version=\u00a0\u00bb4.25.0&Prime; _module_preset=\u00a0\u00bbdefault\u00a0\u00bb background_color=\u00a0\u00bb#FFFFFF\u00a0\u00bb custom_padding=\u00a0\u00bb13px|||||\u00a0\u00bb locked=\u00a0\u00bboff\u00a0\u00bb global_colors_info=\u00a0\u00bb{}\u00a0\u00bb][et_pb_row _builder_version=\u00a0\u00bb4.23.2&Prime; _module_preset=\u00a0\u00bbdefault\u00a0\u00bb global_colors_info=\u00a0\u00bb{}\u00a0\u00bb][et_pb_column type=\u00a0\u00bb4_4&Prime; _builder_version=\u00a0\u00bb4.23.2&Prime; _module_preset=\u00a0\u00bbdefault\u00a0\u00bb global_colors_info=\u00a0\u00bb{}\u00a0\u00bb][et_pb_text _builder_version=\u00a0\u00bb4.25.0&Prime; _module_preset=\u00a0\u00bb4473133b-959c-4363-bd65-f60798c52f0b\u00a0\u00bb global_colors_info=\u00a0\u00bb{}\u00a0\u00bb]<\/p>\n<h3><strong>Pourquoi \u00eatre certifi\u00e9 ?<\/strong><\/h3>\n<p>Cela permet d\u2019accro\u00eetre la disponibilit\u00e9 des produits halal et de ce fait, de r\u00e9pondre \u00e0 la demande des consommateurs qui demandent de plus en plus de transparence. Cela permet \u00e9galement \u00e0 nos marques partenaires soucieuses de respecter les prescriptions islamiques de commercer l\u2019esprit serein et d\u2019entretenir la confiance que les consommateurs portent \u00e0 leur \u00e9gard.<\/p>\n<p>&nbsp;<\/p>\n<h3><strong>Est-ce que RHD poss\u00e8de un abattoir\u00a0?<\/strong><\/h3>\n<p>RHD intervient aupr\u00e8s d\u2019abattoirs \/ usines agroalimentaires afin de contr\u00f4ler le respect de l\u2019abattage rituel et assurer la tra\u00e7abilit\u00e9 des produits certifi\u00e9s. Par cons\u00e9quent RHD ne dispose donc pas d\u2019abattoir.<\/p>\n<p>&nbsp;<\/p>\n<h3><strong>Comment reconna\u00eetre un produit certifi\u00e9 RHD\u00a0?<\/strong><\/h3>\n<p>Tous les produits certifi\u00e9s par nos soins sont facilement identifiables gr\u00e2ce \u00e0 une \u00e9tiquette appos\u00e9e sur le packaging.<\/p>\n<p>&nbsp;<\/p>\n<h3><strong>Est-il possible de vous rendre visite ?<\/strong><\/h3>\n<p>Vous avez \u00e0 tout moment la possibilit\u00e9 de nous contacter afin de vous rendre sur l\u2019un des sites dans lequel nous intervenons. Pour cela, nous vous invitons \u00e0 nous contacter.<\/p>\n<h3><span>\u00a0<\/span><\/h3>\n<h3><strong>Qui puis-je joindre si je souhaite avoir des pr\u00e9cisions sur les modalit\u00e9s d\u2019abattage\u00a0?<\/strong><\/h3>\n<p>Si vous souhaitez avoir davantage d\u2019informations, vous pouvez nous joindre au num\u00e9ro suivant :\u00a0 09 70 71 13 96.<\/p>\n<p>[\/et_pb_text][\/et_pb_column][\/et_pb_row][\/et_pb_section][et_pb_section fb_built=\u00a0\u00bb1&Prime; admin_label=\u00a0\u00bbSubscribe\u00a0\u00bb _builder_version=\u00a0\u00bb4.25.0&Prime; _module_preset=\u00a0\u00bbdefault\u00a0\u00bb background_color=\u00a0\u00bb#0A0003&Prime; use_background_color_gradient=\u00a0\u00bbon\u00a0\u00bb background_color_gradient_stops=\u00a0\u00bbrgba(255,255,255,0) 70%|gcid-0a70bcaa-1736-40e0-9723-4fb88b8b6694 70%\u00a0\u00bb custom_padding=\u00a0\u00bb51px|||||\u00a0\u00bb saved_tabs=\u00a0\u00bball\u00a0\u00bb collapsed=\u00a0\u00bbon\u00a0\u00bb global_colors_info=\u00a0\u00bb{%22gcid-0a70bcaa-1736-40e0-9723-4fb88b8b6694%22:%91%22background_color_gradient_stops%22%93}\u00a0\u00bb][et_pb_row column_structure=\u00a0\u00bb1_3,1_3,1_3&Prime; _builder_version=\u00a0\u00bb4.25.0&Prime; _module_preset=\u00a0\u00bbdefault\u00a0\u00bb min_height=\u00a0\u00bb256px\u00a0\u00bb custom_margin=\u00a0\u00bb-22px|auto||auto||\u00a0\u00bb global_colors_info=\u00a0\u00bb{}\u00a0\u00bb][et_pb_column type=\u00a0\u00bb1_3&Prime; _builder_version=\u00a0\u00bb4.25.0&Prime; _module_preset=\u00a0\u00bbdefault\u00a0\u00bb global_colors_info=\u00a0\u00bb{}\u00a0\u00bb][et_pb_image src=\u00a0\u00bbhttp:\/\/rhd-halal.fr\/wp-content\/uploads\/2024\/09\/Logo-RHD-MIN.png\u00a0\u00bb title_text=\u00a0\u00bbLogo RHD MIN\u00a0\u00bb align=\u00a0\u00bbright\u00a0\u00bb _builder_version=\u00a0\u00bb4.25.0&Prime; _module_preset=\u00a0\u00bbdefault\u00a0\u00bb custom_padding=\u00a0\u00bb|60px||60px|false|false\u00a0\u00bb hover_enabled=\u00a0\u00bb0&Prime; global_colors_info=\u00a0\u00bb{}\u00a0\u00bb sticky_enabled=\u00a0\u00bb0&Prime;][\/et_pb_image][\/et_pb_column][et_pb_column type=\u00a0\u00bb1_3&Prime; _builder_version=\u00a0\u00bb4.25.0&Prime; _module_preset=\u00a0\u00bbdefault\u00a0\u00bb global_colors_info=\u00a0\u00bb{}\u00a0\u00bb][et_pb_text _builder_version=\u00a0\u00bb4.25.0&Prime; _module_preset=\u00a0\u00bbc31c931b-c5b7-441d-93a2-1e3394b26c25&Prime; text_text_color=\u00a0\u00bb#FFFFFF\u00a0\u00bb custom_margin=\u00a0\u00bb56px||5px|||\u00a0\u00bb locked=\u00a0\u00bboff\u00a0\u00bb global_colors_info=\u00a0\u00bb{}\u00a0\u00bb]<\/p>\n<p><strong>T\u00e9l\u00e9phone<\/strong><\/p>\n<p>[\/et_pb_text][et_pb_text _builder_version=\u00a0\u00bb4.25.0&Prime; _module_preset=\u00a0\u00bbc31c931b-c5b7-441d-93a2-1e3394b26c25&Prime; text_text_color=\u00a0\u00bb#FFFFFF\u00a0\u00bb custom_padding=\u00a0\u00bb0px|||||\u00a0\u00bb locked=\u00a0\u00bboff\u00a0\u00bb global_colors_info=\u00a0\u00bb{}\u00a0\u00bb]<\/p>\n<p>09 70 71 13 96<\/p>\n<p>[\/et_pb_text][\/et_pb_column][et_pb_column type=\u00a0\u00bb1_3&Prime; _builder_version=\u00a0\u00bb4.25.0&Prime; _module_preset=\u00a0\u00bbdefault\u00a0\u00bb global_colors_info=\u00a0\u00bb{}\u00a0\u00bb][\/et_pb_column][\/et_pb_row][\/et_pb_section]<\/p>\n","protected":false},"excerpt":{"rendered":"<p>FAQ &nbsp; &nbsp; &nbsp;Pourquoi \u00eatre certifi\u00e9 ? Cela permet d\u2019accro\u00eetre la disponibilit\u00e9 des produits halal et de ce fait, de r\u00e9pondre \u00e0 la demande des consommateurs qui demandent de plus en plus de transparence. Cela permet \u00e9galement \u00e0 nos marques partenaires soucieuses de respecter les prescriptions islamiques de commercer l\u2019esprit serein et d\u2019entretenir la confiance [&hellip;]<\/p>\n","protected":false},"author":1,"featured_media":0,"parent":0,"menu_order":0,"comment_status":"closed","ping_status":"closed","template":"","meta":{"_et_pb_use_builder":"on","_et_pb_old_content":"","_et_gb_content_width":"","footnotes":""},"class_list":["post-175","page","type-page","status-publish","hentry"],"_links":{"self":[{"href":"https:\/\/rhd-halal.fr\/index.php\/wp-json\/wp\/v2\/pages\/175","targetHints":{"allow":["GET"]}}],"collection":[{"href":"https:\/\/rhd-halal.fr\/index.php\/wp-json\/wp\/v2\/pages"}],"about":[{"href":"https:\/\/rhd-halal.fr\/index.php\/wp-json\/wp\/v2\/types\/page"}],"author":[{"embeddable":true,"href":"https:\/\/rhd-halal.fr\/index.php\/wp-json\/wp\/v2\/users\/1"}],"replies":[{"embeddable":true,"href":"https:\/\/rhd-halal.fr\/index.php\/wp-json\/wp\/v2\/comments?post=175"}],"version-history":[{"count":6,"href":"https:\/\/rhd-halal.fr\/index.php\/wp-json\/wp\/v2\/pages\/175\/revisions"}],"predecessor-version":[{"id":282,"href":"https:\/\/rhd-halal.fr\/index.php\/wp-json\/wp\/v2\/pages\/175\/revisions\/282"}],"wp:attachment":[{"href":"https:\/\/rhd-halal.fr\/index.php\/wp-json\/wp\/v2\/media?parent=175"}],"curies":[{"name":"wp","href":"https:\/\/api.w.org\/{rel}","templated":true}]}}